{"id":4168,"date":"2019-10-17T14:50:05","date_gmt":"2019-10-17T12:50:05","guid":{"rendered":"https:\/\/www.appartamentilenaviincielo.it\/privacy-policy\/"},"modified":"2023-02-05T11:53:06","modified_gmt":"2023-02-05T10:53:06","slug":"privacy-policy","status":"publish","type":"page","link":"https:\/\/www.appartamentilenaviincielo.it\/fr\/privacy-policy\/","title":{"rendered":"Privacy Policy"},"content":{"rendered":"<div class=\"fusion-fullwidth fullwidth-box fusion-builder-row-1 nonhundred-percent-fullwidth non-hundred-percent-height-scrolling\" style=\"--awb-border-radius-top-left:0px;--awb-border-radius-top-right:0px;--awb-border-radius-bottom-right:0px;--awb-border-radius-bottom-left:0px;--awb-flex-wrap:wrap;\" ><div class=\"fusion-builder-row fusion-row\"><div class=\"fusion-layout-column fusion_builder_column fusion-builder-column-0 fusion_builder_column_1_1 1_1 fusion-one-full fusion-column-first fusion-column-last\" style=\"--awb-bg-size:cover;\"><div class=\"fusion-column-wrapper fusion-flex-column-wrapper-legacy\"><div class=\"fusion-text fusion-text-1\"><h1>Politique de confidentialit\u00e9<\/h1>\n<p>Derni\u00e8re mise \u00e0 jour On 05-Feb-2023<br \/>\nDate effective 05-Feb-2023<\/p>\n<p>Cette politique de confidentialit\u00e9 d\u00e9crit les politiques de Le Navi in \u200b\u200bCielo, Via Molino dei Giusi, Imperia 18100, Italie, email : lenaviincielo@gmail.com, t\u00e9l\u00e9phone : 3387052197 sur la collecte, l&rsquo;utilisation et la divulgation des informations que nous collectons lorsque vous utilisez les n\u00f4tres (https:\/\/www.appartamentilenaviincielo.it). (le Service\u00a0\u00bb). En acc\u00e9dant ou en utilisant le Service, vous consentez \u00e0 la collecte, \u00e0 l&rsquo;utilisation et \u00e0 la divulgation de vos informations conform\u00e9ment \u00e0 la pr\u00e9sente Politique de confidentialit\u00e9. Si vous n&rsquo;y consentez pas, veuillez ne pas acc\u00e9der au Service ni l&rsquo;utiliser.<\/p>\n<p>Nous pouvons modifier cette politique de confidentialit\u00e9 \u00e0 tout moment sans pr\u00e9avis et publierons la politique de confidentialit\u00e9 r\u00e9vis\u00e9e sur le service. La politique r\u00e9vis\u00e9e entrera en vigueur 180 jours apr\u00e8s la date d&rsquo;entr\u00e9e en vigueur de la politique r\u00e9vis\u00e9e. Nous vous recommandons donc de consulter p\u00e9riodiquement cette page.<\/p>\n<ol>\n<li>\n<h2>Comment nous utilisons vos informations<\/h2>\n<p>Nous utiliserons les informations que nous recueillons \u00e0 votre sujet aux fins suivantes:<\/p>\n<ol>\n<li>Promotion\/Marketing<\/li>\n<li>Infos administratives<\/li>\n<li>Publicit\u00e9<\/li>\n<li>Protection des sites<\/li>\n<\/ol>\n<p>Si nous souhaitons utiliser vos informations \u00e0 d&rsquo;autres fins, nous vous demanderons votre consentement et n&rsquo;utiliserons vos informations qu&rsquo;apr\u00e8s avoir re\u00e7u votre consentement et ensuite, uniquement aux fins pour lesquelles vous consentez, sauf si nous sommes tenus de faire autrement par la loi.<\/li>\n<li>\n<h2>Comment nous partageons vos informations:<\/h2>\n<p>Nous ne transf\u00e9rerons pas vos informations personnelles \u00e0 des tiers sans demander votre consentement, sauf dans des circonstances limit\u00e9es d\u00e9crites ci-dessous:<\/p>\n<ol>\n<li>Services publicitaires<\/li>\n<li>Analytique<\/li>\n<\/ol>\n<p>Nous demandons \u00e0 ces tiers d&rsquo;utiliser les informations personnelles que nous leur transf\u00e9rons uniquement dans le but pour lequel elles ont \u00e9t\u00e9 transf\u00e9r\u00e9es et de ne pas les conserver plus longtemps que n\u00e9cessaire pour atteindre cet objectif.<\/p>\n<p>Nous pouvons \u00e9galement divulguer vos informations personnelles dans les cas suivants\u00a0: (1)\u00a0pour nous conformer \u00e0 la loi, \u00e0 la r\u00e9glementation, \u00e0 une ordonnance d&rsquo;un tribunal ou \u00e0 toute autre proc\u00e9dure judiciaire en vigueur\u00a0; (2) pour faire respecter vos accords avec nous, y compris la pr\u00e9sente politique de confidentialit\u00e9\u00a0; ou (3) pour r\u00e9pondre aux r\u00e9clamations selon lesquelles l&rsquo;utilisation du Service viole les droits d&rsquo;autrui. Si le Service ou notre soci\u00e9t\u00e9 est fusionn\u00e9 ou acquis avec une autre soci\u00e9t\u00e9, vos informations seront l&rsquo;un des actifs transf\u00e9r\u00e9s au nouveau propri\u00e9taire.<\/li>\n<li>\n<h2>Tes droits:<\/h2>\n<p>Selon la loi applicable, vous pouvez avoir le droit d&rsquo;acc\u00e9der et de rectifier ou de supprimer vos donn\u00e9es personnelles ou de recevoir une copie de vos donn\u00e9es personnelles, de restreindre ou de vous opposer au traitement actif de vos donn\u00e9es, de nous demander de partager (apporter) vos informations personnelles \u00e0 une autre entit\u00e9, retirer tout consentement que vous nous avez donn\u00e9 pour traiter vos donn\u00e9es, le droit de d\u00e9poser une plainte aupr\u00e8s d&rsquo;une autorit\u00e9 l\u00e9gale et d&rsquo;autres droits qui peuvent \u00eatre pertinents en vertu des lois applicables. Pour exercer ces droits, vous pouvez nous \u00e9crire \u00e0 lenaviincielo@gmail.com. Nous r\u00e9pondrons \u00e0 votre demande conform\u00e9ment \u00e0 la loi applicable.<\/p>\n<p>Veuillez noter que si vous ne nous autorisez pas \u00e0 collecter ou \u00e0 traiter les informations personnelles demand\u00e9es ou si vous retirez votre consentement au traitement de celles-ci aux fins demand\u00e9es, vous ne pourrez peut-\u00eatre pas acc\u00e9der ou utiliser les services pour lesquels vos informations ont \u00e9t\u00e9 demand\u00e9es.<\/li>\n<li>\n<h2>Cookies Etc.<\/h2>\n<p>Pour en savoir plus sur la fa\u00e7on dont nous les utilisons et sur vos choix par rapport \u00e0 ces technologies de suivi, veuillez consulter notre <a href=\"https:\/\/www.appartamentilenaviincielo.it\/fr\/cookie-policy\">Cookie Policy.<\/a><\/li>\n<li>\n<h2>S\u00e9curit\u00e9:<\/h2>\n<p>La s\u00e9curit\u00e9 de vos informations est importante pour nous et nous utiliserons des mesures de s\u00e9curit\u00e9 raisonnables pour emp\u00eacher la perte, l&rsquo;utilisation abusive ou la modification non autoris\u00e9e de vos informations sous notre contr\u00f4le. Cependant, compte tenu des risques inh\u00e9rents, nous ne pouvons garantir une s\u00e9curit\u00e9 absolue et, par cons\u00e9quent, nous ne pouvons assurer ou garantir la s\u00e9curit\u00e9 des informations que vous nous transmettez et vous le faites \u00e0 vos risques et p\u00e9rils.<\/li>\n<li>\n<h2>Liens vers des tiers et utilisation de vos informations:<\/h2>\n<p>Notre service peut contenir des liens vers d&rsquo;autres sites Web qui ne sont pas exploit\u00e9s par nous. Cette politique de confidentialit\u00e9 ne traite pas de la politique de confidentialit\u00e9 et d&rsquo;autres pratiques de tiers, y compris tout tiers qui exploite un site Web ou un service qui peut \u00eatre accessible via un lien sur le service. Nous vous conseillons vivement de consulter la politique de confidentialit\u00e9 de chaque site que vous visitez. Nous n&rsquo;avons aucun contr\u00f4le et n&rsquo;assumons aucune responsabilit\u00e9 quant au contenu, aux politiques de confidentialit\u00e9 ou aux pratiques des sites ou services tiers.<\/li>\n<li>\n<h2>D\u00e9l\u00e9gu\u00e9 aux plaintes\/\u00e0 la protection des donn\u00e9es:<\/h2>\n<p>Si vous avez des questions ou des pr\u00e9occupations concernant le traitement des informations dont nous disposons, vous pouvez envoyer un e-mail \u00e0 notre responsable des r\u00e9clamations chez Le Navi in \u200b\u200bCielo, Via Molino dei Giusi, e-mail : lenaviincielo@gmail.com. Nous r\u00e9pondrons \u00e0 vos pr\u00e9occupations conform\u00e9ment \u00e0 la loi applicable.<\/li>\n<\/ol>\n<p>Politique de confidentialit\u00e9 g\u00e9n\u00e9r\u00e9e avec <a href=\"https:\/\/www.cookieyes.com\/?utm_source=PP&amp;utm_medium=footer&amp;utm_campaign=UW\" target=\"_blank\" rel=\"noopener\">CookieYes<\/a>.<\/p>\n<\/div><div class=\"fusion-clearfix\"><\/div><\/div><\/div><\/div><\/div>\n","protected":false},"excerpt":{"rendered":"","protected":false},"author":2,"featured_media":0,"parent":0,"menu_order":0,"comment_status":"closed","ping_status":"closed","template":"","meta":{"footnotes":""},"yoast_head":"<!-- This site is optimized with the Yoast SEO plugin v22.7 - https:\/\/yoast.com\/wordpress\/plugins\/seo\/ -->\n<title>Privacy Policy - Appartamenti Le Navi in Cielo<\/title>\n<meta name=\"robots\" content=\"index, follow, max-snippet:-1, max-image-preview:large, max-video-preview:-1\" \/>\n<link rel=\"canonical\" href=\"https:\/\/www.appartamentilenaviincielo.it\/fr\/privacy-policy\/\" \/>\n<meta property=\"og:locale\" content=\"fr_FR\" \/>\n<meta property=\"og:type\" content=\"article\" \/>\n<meta property=\"og:title\" content=\"Privacy Policy - Appartamenti Le Navi in Cielo\" \/>\n<meta property=\"og:url\" content=\"https:\/\/www.appartamentilenaviincielo.it\/fr\/privacy-policy\/\" \/>\n<meta property=\"og:site_name\" content=\"Appartamenti Le Navi in Cielo\" \/>\n<meta property=\"article:modified_time\" content=\"2023-02-05T10:53:06+00:00\" \/>\n<meta name=\"twitter:card\" content=\"summary_large_image\" \/>\n<meta name=\"twitter:label1\" content=\"Dur\u00e9e de lecture estim\u00e9e\" \/>\n\t<meta name=\"twitter:data1\" content=\"5 minutes\" \/>\n<script type=\"application\/ld+json\" class=\"yoast-schema-graph\">{\"@context\":\"https:\/\/schema.org\",\"@graph\":[{\"@type\":\"WebPage\",\"@id\":\"https:\/\/www.appartamentilenaviincielo.it\/fr\/privacy-policy\/\",\"url\":\"https:\/\/www.appartamentilenaviincielo.it\/fr\/privacy-policy\/\",\"name\":\"Privacy Policy - Appartamenti Le Navi in Cielo\",\"isPartOf\":{\"@id\":\"https:\/\/www.appartamentilenaviincielo.it\/fr\/#website\"},\"datePublished\":\"2019-10-17T12:50:05+00:00\",\"dateModified\":\"2023-02-05T10:53:06+00:00\",\"breadcrumb\":{\"@id\":\"https:\/\/www.appartamentilenaviincielo.it\/fr\/privacy-policy\/#breadcrumb\"},\"inLanguage\":\"fr-FR\",\"potentialAction\":[{\"@type\":\"ReadAction\",\"target\":[\"https:\/\/www.appartamentilenaviincielo.it\/fr\/privacy-policy\/\"]}]},{\"@type\":\"BreadcrumbList\",\"@id\":\"https:\/\/www.appartamentilenaviincielo.it\/fr\/privacy-policy\/#breadcrumb\",\"itemListElement\":[{\"@type\":\"ListItem\",\"position\":1,\"name\":\"Home\",\"item\":\"https:\/\/www.appartamentilenaviincielo.it\/fr\/\"},{\"@type\":\"ListItem\",\"position\":2,\"name\":\"Privacy Policy\"}]},{\"@type\":\"WebSite\",\"@id\":\"https:\/\/www.appartamentilenaviincielo.it\/fr\/#website\",\"url\":\"https:\/\/www.appartamentilenaviincielo.it\/fr\/\",\"name\":\"Appartamenti Le Navi in Cielo\",\"description\":\"Vacanze in Liguria\",\"potentialAction\":[{\"@type\":\"SearchAction\",\"target\":{\"@type\":\"EntryPoint\",\"urlTemplate\":\"https:\/\/www.appartamentilenaviincielo.it\/fr\/?s={search_term_string}\"},\"query-input\":\"required name=search_term_string\"}],\"inLanguage\":\"fr-FR\"}]}<\/script>\n<!-- \/ Yoast SEO plugin. -->","yoast_head_json":{"title":"Privacy Policy - Appartamenti Le Navi in Cielo","robots":{"index":"index","follow":"follow","max-snippet":"max-snippet:-1","max-image-preview":"max-image-preview:large","max-video-preview":"max-video-preview:-1"},"canonical":"https:\/\/www.appartamentilenaviincielo.it\/fr\/privacy-policy\/","og_locale":"fr_FR","og_type":"article","og_title":"Privacy Policy - Appartamenti Le Navi in Cielo","og_url":"https:\/\/www.appartamentilenaviincielo.it\/fr\/privacy-policy\/","og_site_name":"Appartamenti Le Navi in Cielo","article_modified_time":"2023-02-05T10:53:06+00:00","twitter_card":"summary_large_image","twitter_misc":{"Dur\u00e9e de lecture estim\u00e9e":"5 minutes"},"schema":{"@context":"https:\/\/schema.org","@graph":[{"@type":"WebPage","@id":"https:\/\/www.appartamentilenaviincielo.it\/fr\/privacy-policy\/","url":"https:\/\/www.appartamentilenaviincielo.it\/fr\/privacy-policy\/","name":"Privacy Policy - Appartamenti Le Navi in Cielo","isPartOf":{"@id":"https:\/\/www.appartamentilenaviincielo.it\/fr\/#website"},"datePublished":"2019-10-17T12:50:05+00:00","dateModified":"2023-02-05T10:53:06+00:00","breadcrumb":{"@id":"https:\/\/www.appartamentilenaviincielo.it\/fr\/privacy-policy\/#breadcrumb"},"inLanguage":"fr-FR","potentialAction":[{"@type":"ReadAction","target":["https:\/\/www.appartamentilenaviincielo.it\/fr\/privacy-policy\/"]}]},{"@type":"BreadcrumbList","@id":"https:\/\/www.appartamentilenaviincielo.it\/fr\/privacy-policy\/#breadcrumb","itemListElement":[{"@type":"ListItem","position":1,"name":"Home","item":"https:\/\/www.appartamentilenaviincielo.it\/fr\/"},{"@type":"ListItem","position":2,"name":"Privacy Policy"}]},{"@type":"WebSite","@id":"https:\/\/www.appartamentilenaviincielo.it\/fr\/#website","url":"https:\/\/www.appartamentilenaviincielo.it\/fr\/","name":"Appartamenti Le Navi in Cielo","description":"Vacanze in Liguria","potentialAction":[{"@type":"SearchAction","target":{"@type":"EntryPoint","urlTemplate":"https:\/\/www.appartamentilenaviincielo.it\/fr\/?s={search_term_string}"},"query-input":"required name=search_term_string"}],"inLanguage":"fr-FR"}]}},"_links":{"self":[{"href":"https:\/\/www.appartamentilenaviincielo.it\/fr\/wp-json\/wp\/v2\/pages\/4168"}],"collection":[{"href":"https:\/\/www.appartamentilenaviincielo.it\/fr\/wp-json\/wp\/v2\/pages"}],"about":[{"href":"https:\/\/www.appartamentilenaviincielo.it\/fr\/wp-json\/wp\/v2\/types\/page"}],"author":[{"embeddable":true,"href":"https:\/\/www.appartamentilenaviincielo.it\/fr\/wp-json\/wp\/v2\/users\/2"}],"replies":[{"embeddable":true,"href":"https:\/\/www.appartamentilenaviincielo.it\/fr\/wp-json\/wp\/v2\/comments?post=4168"}],"version-history":[{"count":1,"href":"https:\/\/www.appartamentilenaviincielo.it\/fr\/wp-json\/wp\/v2\/pages\/4168\/revisions"}],"predecessor-version":[{"id":4169,"href":"https:\/\/www.appartamentilenaviincielo.it\/fr\/wp-json\/wp\/v2\/pages\/4168\/revisions\/4169"}],"wp:attachment":[{"href":"https:\/\/www.appartamentilenaviincielo.it\/fr\/wp-json\/wp\/v2\/media?parent=4168"}],"curies":[{"name":"wp","href":"https:\/\/api.w.org\/{rel}","templated":true}]}}